{"id":373,"date":"2023-07-21T12:13:23","date_gmt":"2023-07-21T10:13:23","guid":{"rendered":"https:\/\/www.mrpronostico.com\/?page_id=373"},"modified":"2023-09-25T08:52:35","modified_gmt":"2023-09-25T08:52:35","slug":"cookies","status":"publish","type":"page","link":"https:\/\/www.mrpronostico.com\/en\/cookies\/","title":{"rendered":"Cookies"},"content":{"rendered":"<style type=\"text\/css\" data-created_by=\"avia_inline_auto\" id=\"style-css-av-lkdpgcz2-a5e9f2609000f4898fa8daa1f6bd4905\">\n#top .av-special-heading.av-lkdpgcz2-a5e9f2609000f4898fa8daa1f6bd4905{\npadding-bottom:10px;\n}\nbody .av-special-heading.av-lkdpgcz2-a5e9f2609000f4898fa8daa1f6bd4905 .av-special-heading-tag .heading-char{\nfont-size:25px;\n}\n.av-special-heading.av-lkdpgcz2-a5e9f2609000f4898fa8daa1f6bd4905 .av-subheading{\nfont-size:15px;\n}\n<\/style>\n<div  class='av-special-heading av-lkdpgcz2-a5e9f2609000f4898fa8daa1f6bd4905 av-special-heading-h3  avia-builder-el-0  el_before_av_image  avia-builder-el-first'><h3 class='av-special-heading-tag'  itemprop=\"headline\"  >Cookies<\/h3><div class=\"special-heading-border\"><div class=\"special-heading-inner-border\"><\/div><\/div><\/div>\n\n<style type=\"text\/css\" data-created_by=\"avia_inline_auto\" id=\"style-css-av-lkcf7xnv-cd834ae69564755903704a380ae7af78\">\n.avia-image-container.av-lkcf7xnv-cd834ae69564755903704a380ae7af78 img.avia_image{\nbox-shadow:none;\n}\n.avia-image-container.av-lkcf7xnv-cd834ae69564755903704a380ae7af78 .av-image-caption-overlay-center{\ncolor:#ffffff;\n}\n<\/style>\n<div  class='avia-image-container av-lkcf7xnv-cd834ae69564755903704a380ae7af78 av-styling- avia-align-center  avia-builder-el-1  el_after_av_heading  el_before_av_tab_container'   itemprop=\"image\" itemscope=\"itemscope\" itemtype=\"https:\/\/schema.org\/ImageObject\" ><div class=\"avia-image-container-inner\"><div class=\"avia-image-overlay-wrap\"><img decoding=\"async\" fetchpriority=\"high\" class='wp-image-370 avia-img-lazy-loading-not-370 avia_image' src=\"https:\/\/www.mrpronostico.com\/wp-content\/uploads\/2023\/07\/preloader-180x180.png\" alt='MrPronostico.com' title='MrPronostico.com'  height=\"180\" width=\"180\"  itemprop=\"thumbnailUrl\" srcset=\"https:\/\/www.mrpronostico.com\/wp-content\/uploads\/2023\/07\/preloader-180x180.png 180w, https:\/\/www.mrpronostico.com\/wp-content\/uploads\/2023\/07\/preloader-80x80.png 80w, https:\/\/www.mrpronostico.com\/wp-content\/uploads\/2023\/07\/preloader-36x36.png 36w\" sizes=\"(max-width: 180px) 100vw, 180px\" \/><\/div><\/div><\/div>\n<div  class='tabcontainer av-lkdrka1f-fa6b42778c4cfc3f025c5fd837c1d6fe top_tab  avia-builder-el-2  el_after_av_image  avia-builder-el-last'>\n<section class='av_tab_section av_tab_section av-lkdrk9dl-8f716561924431b27fea7efb0066507e'  itemscope=\"itemscope\" itemtype=\"https:\/\/schema.org\/CreativeWork\" ><div id='tab-id-1-tab' class='tab active_tab' role='tab' aria-selected=\"true\" tabindex=\"0\" data-fake-id='#tab-id-1' aria-controls='tab-id-1-content'  itemprop=\"headline\" >Italiano<\/div><div id='tab-id-1-content' class='tab_content active_tab_content' role='tabpanel' aria-labelledby='tab-id-1-tab' aria-hidden=\"false\"><div class='tab_inner_content invers-color'  itemprop=\"text\" ><h3>INFORMATIVA SUI COOKIE<\/h3>\n<p>Per rendere il nostro sito pi\u00f9 facile ed intuitivo facciamo uso dei cookie. I cookie sono piccole porzioni di dati che ci permettono di confrontare i visitatori nuovi e quelli passati e di capire come gli utenti navigano attraverso il nostro sito. Utilizziamo i dati raccolti grazie ai cookie per rendere l&#8217;esperienza di navigazione pi\u00f9 piacevole e pi\u00f9 efficiente in futuro.<\/p>\n<p>I cookie non registrano alcuna informazione personale su un utente e gli eventuali dati identificabili non verranno memorizzati. Se si desidera disabilitare l&#8217;uso dei cookie \u00e8 necessario personalizzare le impostazioni del proprio computer impostando la cancellazione di tutti i cookie o attivando un messaggio di avviso quando i cookie vengono memorizzati. Per procedere senza modificare l&#8217;applicazione dei cookie \u00e8 sufficiente continuare con la navigazione.<\/p>\n<p>Visita AboutCookies.org per ulteriori informazioni sui cookie e su come influenzano la tua esperienza di navigazione.<\/p>\n<h2 class=\"standard\">I TIPI DI COOKIE CHE UTILIZZIAMO<\/h2>\n<h3 class=\"standard\">COOKIE INDISPENSABILI<\/h3>\n<p>Questi cookie sono essenziali al fine di consentire di spostarsi in tutto il sito ed utilizzare a pieno le sue caratteristiche, come ad esempio accedere alle varie aree protette del sito.<\/p>\n<h3 class=\"standard\">PERFORMANCE COOKIE<\/h3>\n<p>Questi cookie raccolgono informazioni su come gli utenti utilizzano un sito web, ad esempio, quali sono le pagine pi\u00f9 visitare, se si ricevono messaggi di errore da pagine web. Questi cookie non raccolgono informazioni che identificano un visitatore. Tutte le informazioni raccolte tramite cookie sono aggregate e quindi anonime. Vengono utilizzati solo per migliorare il funzionamento di un sito web.<br \/>\nUtilizzando il nostro sito, l&#8217;utente accetta che tali cookie possono essere installati sul proprio dispositivo.<\/p>\n<h3 class=\"standard\">COOKIE DI FUNZIONALIT\u00c0<\/h3>\n<p>I cookie consentono al sito di ricordare le scelte fatte dall\u2019utente (come il nome, la lingua o la regione di provenienza) e forniscono funzionalit\u00e0 avanzate personalizzate. Questi cookie possono essere utilizzati anche per ricordare le modifiche apportate alla dimensione del testo, font ed altre parti di pagine web che \u00e8 possibile personalizzare. Essi possono anche essere utilizzati per fornire servizi che hai chiesto come guardare un video o i commenti su un blog. Le informazioni raccolte da questi tipi di cookie possono essere rese anonime e non in grado di monitorare la vostra attivit\u00e0 di navigazione su altri siti web.<br \/>\nUtilizzando il nostro sito, l&#8217;utente accetta che tali cookie possono essere installati sul proprio dispositivo.<\/p>\n<h3 class=\"standard\">GOOGLE ANALYTICS<\/h3>\n<p>Questo sito web utilizza Google Analytics, un servizio di analisi web fornito da Google , Inc. ( &#8220;Google&#8221;) . Google Analytics utilizza dei &#8220;cookies&#8221; , che sono file di testo depositati sul Vostro computer per consentire al sito web di analizzare come gli utenti utilizzano il sito . Le informazioni generate dal cookie sull&#8217;utilizzo del sito web ( compreso il Vostro indirizzo IP anonimo ) verranno trasmesse e depositate presso i server di Google negli Stati Uniti. Google utilizzer\u00e0 queste informazioni allo scopo di esaminare il Vostro utilizzo del sito web, compilare report sulle attivit\u00e0 del sito per gli operatori dello stesso e fornire altri servizi relativi alle attivit\u00e0 del sito web e all&#8217;utilizzo di internet. Google pu\u00f2 anche trasferire queste informazioni a terzi ove ci\u00f2 sia imposto dalla legge o laddove tali terzi trattino le suddette informazioni per conto di Google . Google non assocer\u00e0 il vostro indirizzo IP a nessun altro dato posseduto da Google. Potete rifiutarvi di usare i cookies selezionando l&#8217;impostazione appropriata sul vostro browser, ma si prega di notare che se si fa questo non si pu\u00f2 essere in grado di utilizzare tutte le funzionalit\u00e0 di questo sito web . Utilizzando il presente sito web, voi acconsentite al trattamento dei Vostri dati da parte di Google per le modalit\u00e0 ed i fini sopraindicati .<\/p>\n<p>Si pu\u00f2 impedire a Google il rilevamento dei cookie installando questo plugin per il browser:<br \/>\nhttp:\/\/tools.google.com\/dlpage\/gaoptout?hl=en<\/p>\n<\/div><\/div><\/section>\n<section class='av_tab_section av_tab_section av-lkdrjq7y-e2e78f27b578738da5398f1bf3f3ab96'  itemscope=\"itemscope\" itemtype=\"https:\/\/schema.org\/CreativeWork\" ><div id='tab-id-2-tab' class='tab' role='tab' aria-selected=\"false\" tabindex=\"0\" data-fake-id='#tab-id-2' aria-controls='tab-id-2-content'  itemprop=\"headline\" >English<\/div><div id='tab-id-2-content' class='tab_content' role='tabpanel' aria-labelledby='tab-id-2-tab' aria-hidden=\"true\"><div class='tab_inner_content invers-color'  itemprop=\"text\" ><h3>INFO ABOUT COOKIE<\/h3>\n<p>To make our website easier and more enjoyable, we use cookies throughout the site. Cookies are little pieces of data that allow us to compare new and past visitors, understand how users navigate through our site, and provide us with data that we can use to make the experience more enjoyable and more effective in the future. Cookies do not log any personal information about a user, and identifiable data will never be stored. If you would like to avoid the use of cookies, you must tailor your computer settings to erase all website Cookies and\/or notify you via a warning if cookies are being stored. To proceed without changes to the cookie implementation, simply continue t<\/p>\n<h3>INFO ABOUT COOKIE<\/h3>\n<p>To make our website easier and more enjoyable, we use cookies throughout the site. Cookies are little pieces of data that allow us to compare new and past visitors, understand how users navigate through our site, and provide us with data that we can use to make the experience more enjoyable and more effective in the future. Cookies do not log any personal information about a user, and identifiable data will never be stored. If you would like to avoid the use of cookies, you must tailor your computer settings to erase all website Cookies and\/or notify you via a warning if cookies are being stored. To proceed without changes to the cookie implementation, simply continue to the site.<br \/>\nVisit www.aboutcookies.org for more information about cookies and how they affect you and your browsing experience.<\/p>\n<h2>THE TYPES OF COOKIE WE USE<\/h2>\n<h3>STRICTLY NECESSARY COOKIES<\/h3>\n<p>These cookies are essential in order to enable you to move around the website and use its features, such as accessing secure areas of the website. Without these cookies services you have asked for, like competition forms etc, cannot be provided.<\/p>\n<h3>PERFORMANCE COOKIES<\/h3>\n<p>These cookies collect information about how visitors use a website, for instance which pages visitors go to most often, and if they get error messages from web pages. These cookies don\u2019t collect information that identifies a visitor. All information these cookies collect is aggregated and therefore anonymous. It is only used to improve how a website works.<br \/>\nBy using our website, you agree that we can place these types of cookies on your device.<\/p>\n<h3>FUNCTIONALITY COOKIES<\/h3>\n<p>These cookies allow the website to remember choices you make (such as your user name, language or the region you are in) and provide enhanced, more personal features. For instance, the NIVEA Baby website provides customized content based on user selected baby age. These cookies can also be used to remember changes you have made to text size, fonts and other parts of web pages that you can customise. They may also be used to provide services you have asked for such as watching a video or commenting on a blog. The information these cookies collect may be anonymised and they cannot track your browsing activity on other websites.<br \/>\nBy using our website, you agree that we can place these types of cookies on your device.<\/p>\n<h3>GOOGLE ANALYTICS<\/h3>\n<p>This website uses Google Analytics, a web analytics service provided by Google, Inc. (&#8220;Google&#8221;). Google Analytics uses &#8220;cookies&#8221;, which are text files placed on your computer to help the website analyze how users use the site. The information generated by the cookie about your use of the website (including your anonymous IP address) will be transmitted to stored by Google on their servers in the United States. Google will use this information for the purpose of evaluating your use of the website, compiling reports and providing other services relating to website activity and internet usage. Google may also transfer this information to third parties where required to do so by law, or where such third parties process the information on Google&#8217;s behalf. Google will not associate your IP address with any other data held by Google. You may refuse the use of cookies by selecting the appropriate settings on your browser, however please note that if you do this you may not be able to use all features of this website. By using this website, you consent to the processing of data about you by Google in the manner and the purposes set out above.<\/p>\n<p>You can prevent Google tracking cookies installing this plugin on your browser:<br \/>\nhttp:\/\/tools.google.com\/dlpage\/gaoptout?hl=eno the site.<\/p>\n<p>Visit www.aboutcookies.org for more information about cookies and how they affect you and your browsing experience.<\/p>\n<\/div><\/div><\/section>\n<\/div>","protected":false},"excerpt":{"rendered":"","protected":false},"author":2,"featured_media":0,"parent":0,"menu_order":0,"comment_status":"closed","ping_status":"closed","template":"","meta":{"footnotes":""},"class_list":["post-373","page","type-page","status-publish","hentry"],"_links":{"self":[{"href":"https:\/\/www.mrpronostico.com\/en\/wp-json\/wp\/v2\/pages\/373","targetHints":{"allow":["GET"]}}],"collection":[{"href":"https:\/\/www.mrpronostico.com\/en\/wp-json\/wp\/v2\/pages"}],"about":[{"href":"https:\/\/www.mrpronostico.com\/en\/wp-json\/wp\/v2\/types\/page"}],"author":[{"embeddable":true,"href":"https:\/\/www.mrpronostico.com\/en\/wp-json\/wp\/v2\/users\/2"}],"replies":[{"embeddable":true,"href":"https:\/\/www.mrpronostico.com\/en\/wp-json\/wp\/v2\/comments?post=373"}],"version-history":[{"count":0,"href":"https:\/\/www.mrpronostico.com\/en\/wp-json\/wp\/v2\/pages\/373\/revisions"}],"wp:attachment":[{"href":"https:\/\/www.mrpronostico.com\/en\/wp-json\/wp\/v2\/media?parent=373"}],"curies":[{"name":"wp","href":"https:\/\/api.w.org\/{rel}","templated":true}]}}